{"id":3411,"date":"2021-03-24T15:30:08","date_gmt":"2021-03-24T15:30:08","guid":{"rendered":"https:\/\/dinnova.ch\/?page_id=3411"},"modified":"2023-12-26T14:07:00","modified_gmt":"2023-12-26T13:07:00","slug":"impressum","status":"publish","type":"page","link":"https:\/\/software.dinnova.ch\/en\/privacy-statement\/","title":{"rendered":"Impressum"},"content":{"rendered":"<div data-elementor-type=\"wp-page\" data-elementor-id=\"3411\" class=\"elementor elementor-3411\" data-elementor-post-type=\"page\">\n\t\t\t\t\t\t<section class=\"elementor-section elementor-top-section elementor-element elementor-element-aecb946 elementor-section-boxed elementor-section-height-default elementor-section-height-default\" data-id=\"aecb946\" data-element_type=\"section\" data-settings=\"{&quot;jet_parallax_layout_list&quot;:[{&quot;jet_parallax_layout_image&quot;:{&quot;url&quot;:&quot;&quot;,&quot;id&quot;:&quot;&quot;,&quot;size&quot;:&quot;&quot;},&quot;_id&quot;:&quot;6078c4d&quot;,&quot;jet_parallax_layout_image_tablet&quot;:{&quot;url&quot;:&quot;&quot;,&quot;id&quot;:&quot;&quot;,&quot;size&quot;:&quot;&quot;},&quot;jet_parallax_layout_image_mobile&quot;:{&quot;url&quot;:&quot;&quot;,&quot;id&quot;:&quot;&quot;,&quot;size&quot;:&quot;&quot;},&quot;jet_parallax_layout_speed&quot;:{&quot;unit&quot;:&quot;%&quot;,&quot;size&quot;:50,&quot;sizes&quot;:[]},&quot;jet_parallax_layout_type&quot;:&quot;scroll&quot;,&quot;jet_parallax_layout_direction&quot;:null,&quot;jet_parallax_layout_fx_direction&quot;:null,&quot;jet_parallax_layout_z_index&quot;:&quot;&quot;,&quot;jet_parallax_layout_bg_x&quot;:50,&quot;jet_parallax_layout_bg_x_tablet&quot;:&quot;&quot;,&quot;jet_parallax_layout_bg_x_mobile&quot;:&quot;&quot;,&quot;jet_parallax_layout_bg_y&quot;:50,&quot;jet_parallax_layout_bg_y_tablet&quot;:&quot;&quot;,&quot;jet_parallax_layout_bg_y_mobile&quot;:&quot;&quot;,&quot;jet_parallax_layout_bg_size&quot;:&quot;auto&quot;,&quot;jet_parallax_layout_bg_size_tablet&quot;:&quot;&quot;,&quot;jet_parallax_layout_bg_size_mobile&quot;:&quot;&quot;,&quot;jet_parallax_layout_animation_prop&quot;:&quot;transform&quot;,&quot;jet_parallax_layout_on&quot;:[&quot;desktop&quot;,&quot;tablet&quot;]}]}\">\n\t\t\t\t\t\t<div class=\"elementor-container elementor-column-gap-default\">\n\t\t\t\t\t<div class=\"elementor-column elementor-col-100 elementor-top-column elementor-element elementor-element-0b8d1d8\" data-id=\"0b8d1d8\" data-element_type=\"column\">\n\t\t\t<div class=\"elementor-widget-wrap elementor-element-populated\">\n\t\t\t\t\t\t<div class=\"elementor-element elementor-element-7a38182 elementor-widget elementor-widget-text-editor\" data-id=\"7a38182\" data-element_type=\"widget\" data-widget_type=\"text-editor.default\">\n\t\t\t\t<div class=\"elementor-widget-container\">\n\t\t\t\t\t\t\t<h1>Impressum<\/h1>\nDinnova AG <br>\nBbahnhofplatz 1 <br>\n8001 Z\u00fcrich <br>\nSwitzerland\n<div class=\"elementor-element elementor-element-d874d19 elementor-position-left elementor-vertical-align-bottom elementor-view-default elementor-widget elementor-widget-icon-box\" data-id=\"d874d19\" data-element_type=\"widget\" data-widget_type=\"icon-box.default\">\n<div class=\"elementor-widget-container\">\n<div class=\"elementor-icon-box-wrapper\">\n<div class=\"elementor-icon-box-content\">\n<p class=\"elementor-icon-box-description\"><a href=\"tel: 41443105000\" target=\"_blank\" rel=\"noopener\">Telefon: +41 44 310 50 00<\/a><\/p>\n\n<\/div>\n<\/div>\n<\/div>\n<\/div>\n<div class=\"elementor-element elementor-element-e9aea31 elementor-position-left elementor-vertical-align-bottom elementor-view-default elementor-widget elementor-widget-icon-box\" data-id=\"e9aea31\" data-element_type=\"widget\" data-widget_type=\"icon-box.default\">\n<div class=\"elementor-widget-container\">\n<div class=\"elementor-icon-box-wrapper\">\n<div class=\"elementor-icon-box-content\">\n<p class=\"elementor-icon-box-description\"><a href=\"mailto:contact@dinnova.ch\" target=\"_blank\" rel=\"noopener\">E-Mail: contact@dinnova.ch<\/a><\/p>\n<p class=\"elementor-icon-box-description translation-block\"><span style=\"color: var( --e-global-color-text );font-family: var( --e-global-typography-text-font-family ), Sans-serif;font-size: 1rem;font-weight: var( --e-global-typography-text-font-weight )\"><strong>Managing Director<\/strong>: Arber Bullakaj<\/span><\/p>\n<p class=\"elementor-icon-box-description\"><strong style=\"color: var( --e-global-color-text ); font-family: var( --e-global-typography-text-font-family ), Sans-serif; font-size: 1rem;\">\u00a0<\/strong><\/p>\n<p class=\"elementor-icon-box-description translation-block\"><strong style=\"color: var( --e-global-color-text );font-family: var( --e-global-typography-text-font-family ), Sans-serif;font-size: 1rem\">Register court<\/strong><span style=\"color: var( --e-global-color-text );font-family: var( --e-global-typography-text-font-family ), Sans-serif;font-size: 1rem;font-weight: var( --e-global-typography-text-font-weight )\">: Canton Zurich<\/span><\/p>\n<p class=\"elementor-icon-box-description\"><strong style=\"color: var( --e-global-color-text ); font-family: var( --e-global-typography-text-font-family ), Sans-serif; font-size: 1rem;\">\u00a0<\/strong><\/p>\n<p class=\"elementor-icon-box-description translation-block\"><strong style=\"color: var( --e-global-color-text );font-family: var( --e-global-typography-text-font-family ), Sans-serif;font-size: 1rem\">Registration No<\/strong><span style=\"color: var( --e-global-color-text );font-family: var( --e-global-typography-text-font-family ), Sans-serif;font-weight: var( --e-global-typography-text-font-weight );font-size: 1rem\">: CHE-407.794.260<\/span><\/p>\n\n<\/div>\n<\/div>\n<\/div>\n<\/div>\n<h3>Technical Information<\/h3>\nWe would like to point out that confidentiality cannot be guaranteed on the Internet. Each user is therefore solely responsible for adequately protecting his or her data and\/or software from any viruses that may be circulating on the Internet.\n<h3>Hyperlinks<\/h3>\nDie Einrichtung eines Hyperlinks auf der Website <a href=\"https:\/\/software.dinnova.ch\/en\/\">https:\/\/software.dinnova.ch\/<\/a> unterliegt der Genehmigung des Herausgebers. Der Herausgeber \u00fcbernimmt keinerlei Haftung f\u00fcr auf der Website <a href=\"https:\/\/software.dinnova.ch\/en\/\">https:\/\/software.dinnova.ch\/<\/a> eingerichteten Hyperlinks zu anderen Websites.\n<h3>Copyright<\/h3>\nDie durch die Seitenbetreiber erstellten Inhalte auf diesen Seiten unterliegen dem Schweizer Urheberrecht. Die Vervielf\u00e4ltigung, Bearbeitung, Verbreitung und jede Art der Verwertung au\u00dferhalb der Grenzen des Urheberrechtes bed\u00fcrfen der schriftlichen Zustimmung des Rechtsinhabers bzw. des Erstellers. Jede vollst\u00e4ndige oder teilweise Reproduktion oder Darstellung der Webseiten, Daten oder eines Bestandteils der Website <a href=\"https:\/\/software.dinnova.ch\/en\/\">https:\/\/software.dinnova.ch\/<\/a>, in welchem Verfahren und auf welchem Datentr\u00e4ger auch immer, ist ohne Zustimmung des Herausgebers untersagt und bedeutet eine F\u00e4lschung.\n<h3>Disclaimer<\/h3>\nThe contents of our pages have been created with the utmost care. No guarantee can be given for the correctness, completeness, and topicality of the contents.\t\t\t\t\t\t<\/div>\n\t\t\t\t<\/div>\n\t\t\t\t\t<\/div>\n\t\t<\/div>\n\t\t\t\t\t<\/div>\n\t\t<\/section>\n\t\t\t\t<\/div>","protected":false},"excerpt":{"rendered":"<p>Impressum Dinnova AG Bbahnhofplatz 1 8001 Z\u00fcrich Schweiz Telefon: +41 44 310 50 00 E-Mail: contact@dinnova.ch Gesch\u00e4ftsf\u00fchrer: Arber Bullakaj \u00a0 Registergericht: Kanton Z\u00fcrich \u00a0 Registernummer: CHE-407.794.260 Technische Informationen Wir weisen Sie darauf hin, dass die Vertraulichkeit im Internet nicht gew\u00e4hrleistet ist. Jeder Benutzer ist daher allein verantwortlich, seine Daten und\/oder Softwares vor eventuell im Internet [&hellip;]<\/p>","protected":false},"author":7,"featured_media":0,"parent":0,"menu_order":15,"comment_status":"closed","ping_status":"closed","template":"","meta":{"inline_featured_image":false,"footnotes":""},"class_list":["post-3411","page","type-page","status-publish","hentry"],"_links":{"self":[{"href":"https:\/\/software.dinnova.ch\/en\/wp-json\/wp\/v2\/pages\/3411"}],"collection":[{"href":"https:\/\/software.dinnova.ch\/en\/wp-json\/wp\/v2\/pages"}],"about":[{"href":"https:\/\/software.dinnova.ch\/en\/wp-json\/wp\/v2\/types\/page"}],"author":[{"embeddable":true,"href":"https:\/\/software.dinnova.ch\/en\/wp-json\/wp\/v2\/users\/7"}],"replies":[{"embeddable":true,"href":"https:\/\/software.dinnova.ch\/en\/wp-json\/wp\/v2\/comments?post=3411"}],"version-history":[{"count":10,"href":"https:\/\/software.dinnova.ch\/en\/wp-json\/wp\/v2\/pages\/3411\/revisions"}],"predecessor-version":[{"id":8330,"href":"https:\/\/software.dinnova.ch\/en\/wp-json\/wp\/v2\/pages\/3411\/revisions\/8330"}],"wp:attachment":[{"href":"https:\/\/software.dinnova.ch\/en\/wp-json\/wp\/v2\/media?parent=3411"}],"curies":[{"name":"wp","href":"https:\/\/api.w.org\/{rel}","templated":true}]}}