{"id":4654,"date":"2021-09-02T07:36:04","date_gmt":"2021-09-02T07:36:04","guid":{"rendered":"https:\/\/dinnova.ch\/?page_id=4654"},"modified":"2022-03-27T21:15:27","modified_gmt":"2022-03-27T19:15:27","slug":"dinnova-gewinnspiele","status":"publish","type":"page","link":"https:\/\/software.dinnova.ch\/en\/dinnova-gewinnspiele\/","title":{"rendered":"Dinnova Gewinnspiele"},"content":{"rendered":"<div data-elementor-type=\"wp-page\" data-elementor-id=\"4654\" class=\"elementor elementor-4654\" data-elementor-post-type=\"page\">\n\t\t\t\t\t\t<section class=\"jet-tricks-particles-section elementor-section elementor-top-section elementor-element elementor-element-202ad98a elementor-section-boxed elementor-section-height-default elementor-section-height-default\" data-id=\"202ad98a\" data-element_type=\"section\" data-settings=\"{&quot;jet_parallax_layout_list&quot;:[{&quot;_id&quot;:&quot;83ab425&quot;,&quot;jet_parallax_layout_image&quot;:{&quot;url&quot;:&quot;&quot;,&quot;id&quot;:&quot;&quot;,&quot;size&quot;:&quot;&quot;},&quot;jet_parallax_layout_image_tablet&quot;:{&quot;url&quot;:&quot;&quot;,&quot;id&quot;:&quot;&quot;,&quot;size&quot;:&quot;&quot;},&quot;jet_parallax_layout_image_mobile&quot;:{&quot;url&quot;:&quot;&quot;,&quot;id&quot;:&quot;&quot;,&quot;size&quot;:&quot;&quot;},&quot;jet_parallax_layout_speed&quot;:{&quot;unit&quot;:&quot;%&quot;,&quot;size&quot;:50,&quot;sizes&quot;:[]},&quot;jet_parallax_layout_type&quot;:&quot;scroll&quot;,&quot;jet_parallax_layout_direction&quot;:null,&quot;jet_parallax_layout_fx_direction&quot;:null,&quot;jet_parallax_layout_z_index&quot;:&quot;&quot;,&quot;jet_parallax_layout_bg_x&quot;:50,&quot;jet_parallax_layout_bg_x_tablet&quot;:&quot;&quot;,&quot;jet_parallax_layout_bg_x_mobile&quot;:&quot;&quot;,&quot;jet_parallax_layout_bg_y&quot;:50,&quot;jet_parallax_layout_bg_y_tablet&quot;:&quot;&quot;,&quot;jet_parallax_layout_bg_y_mobile&quot;:&quot;&quot;,&quot;jet_parallax_layout_bg_size&quot;:&quot;auto&quot;,&quot;jet_parallax_layout_bg_size_tablet&quot;:&quot;&quot;,&quot;jet_parallax_layout_bg_size_mobile&quot;:&quot;&quot;,&quot;jet_parallax_layout_animation_prop&quot;:&quot;transform&quot;,&quot;jet_parallax_layout_on&quot;:[&quot;desktop&quot;,&quot;tablet&quot;]}]}\">\n\t\t\t\t\t\t\t<div class=\"elementor-background-overlay\"><\/div>\n\t\t\t\t\t\t\t<div class=\"elementor-container elementor-column-gap-default\">\n\t\t\t\t\t<div class=\"elementor-column elementor-col-50 elementor-top-column elementor-element elementor-element-bb49a92\" data-id=\"bb49a92\" data-element_type=\"column\" data-settings=\"{&quot;background_background&quot;:&quot;classic&quot;}\">\n\t\t\t<div class=\"elementor-widget-wrap elementor-element-populated\">\n\t\t\t\t\t\t<div class=\"elementor-element elementor-element-7e233a2d elementor-invisible elementor-widget elementor-widget-heading\" data-id=\"7e233a2d\" data-element_type=\"widget\" data-settings=\"{&quot;_animation&quot;:&quot;slideInLeft&quot;,&quot;_animation_delay&quot;:&quot;100&quot;}\" data-widget_type=\"heading.default\">\n\t\t\t\t<div class=\"elementor-widget-container\">\n\t\t\t<h1 class=\"elementor-heading-title elementor-size-default\">Dinnova Gewinnspiele<\/h1>\t\t<\/div>\n\t\t\t\t<\/div>\n\t\t\t\t<div class=\"elementor-element elementor-element-b2c95b9 elementor-widget-divider--view-line elementor-widget elementor-widget-divider\" data-id=\"b2c95b9\" data-element_type=\"widget\" data-widget_type=\"divider.default\">\n\t\t\t\t<div class=\"elementor-widget-container\">\n\t\t\t\t\t<div class=\"elementor-divider\">\n\t\t\t<span class=\"elementor-divider-separator\">\n\t\t\t\t\t\t<\/span>\n\t\t<\/div>\n\t\t\t\t<\/div>\n\t\t\t\t<\/div>\n\t\t\t\t<div class=\"elementor-element elementor-element-88add08 elementor-widget elementor-widget-text-editor\" data-id=\"88add08\" data-element_type=\"widget\" data-widget_type=\"text-editor.default\">\n\t\t\t\t<div class=\"elementor-widget-container\">\n\t\t\t\t\t\t\t<p>Freuen Sie sich auf regelm\u00e4ssige Gewinnspiele auf unseren Profilen in den sozialen Medien!<\/p><p>An jedem ersten Sonntag des Monats verlosen wir hochwertige und beliebte Gewinne \u2013 folgen Sie uns jetzt mit nur einem Klick:<\/p>\t\t\t\t\t\t<\/div>\n\t\t\t\t<\/div>\n\t\t\t\t<div class=\"elementor-element elementor-element-2ab61d84 elementor-icon-list--layout-inline elementor-mobile-align-center elementor-list-item-link-full_width elementor-widget elementor-widget-icon-list\" data-id=\"2ab61d84\" data-element_type=\"widget\" data-widget_type=\"icon-list.default\">\n\t\t\t\t<div class=\"elementor-widget-container\">\n\t\t\t\t\t<ul class=\"elementor-icon-list-items elementor-inline-items\">\n\t\t\t\t\t\t\t<li class=\"elementor-icon-list-item elementor-inline-item\">\n\t\t\t\t\t\t\t\t\t\t\t<a href=\"https:\/\/www.facebook.com\/dinnovaag\" target=\"_blank\" rel=\"noopener\">\n\n\t\t\t\t\t\t\t\t\t\t\t\t<span class=\"elementor-icon-list-icon\">\n\t\t\t\t\t\t\t<i aria-hidden=\"true\" class=\"fab fa-facebook-square\"><\/i>\t\t\t\t\t\t<\/span>\n\t\t\t\t\t\t\t\t\t\t<span class=\"elementor-icon-list-text\">Facebook<\/span>\n\t\t\t\t\t\t\t\t\t\t\t<\/a>\n\t\t\t\t\t\t\t\t\t<\/li>\n\t\t\t\t\t\t\t\t<li class=\"elementor-icon-list-item elementor-inline-item\">\n\t\t\t\t\t\t\t\t\t\t\t<a href=\"https:\/\/www.instagram.com\/dinnova_ag\/\" target=\"_blank\" rel=\"noopener\">\n\n\t\t\t\t\t\t\t\t\t\t\t\t<span class=\"elementor-icon-list-icon\">\n\t\t\t\t\t\t\t<i aria-hidden=\"true\" class=\"fab fa-instagram\"><\/i>\t\t\t\t\t\t<\/span>\n\t\t\t\t\t\t\t\t\t\t<span class=\"elementor-icon-list-text\">Instagram<\/span>\n\t\t\t\t\t\t\t\t\t\t\t<\/a>\n\t\t\t\t\t\t\t\t\t<\/li>\n\t\t\t\t\t\t\t\t<li class=\"elementor-icon-list-item elementor-inline-item\">\n\t\t\t\t\t\t\t\t\t\t\t<a href=\"https:\/\/www.linkedin.com\/company\/dinnova-ag\/\" target=\"_blank\" rel=\"noopener\">\n\n\t\t\t\t\t\t\t\t\t\t\t\t<span class=\"elementor-icon-list-icon\">\n\t\t\t\t\t\t\t<i aria-hidden=\"true\" class=\"fab fa-linkedin\"><\/i>\t\t\t\t\t\t<\/span>\n\t\t\t\t\t\t\t\t\t\t<span class=\"elementor-icon-list-text\">LinkedIn<\/span>\n\t\t\t\t\t\t\t\t\t\t\t<\/a>\n\t\t\t\t\t\t\t\t\t<\/li>\n\t\t\t\t\t\t<\/ul>\n\t\t\t\t<\/div>\n\t\t\t\t<\/div>\n\t\t\t\t<div class=\"elementor-element elementor-element-468cb23d elementor-widget elementor-widget-text-editor\" data-id=\"468cb23d\" data-element_type=\"widget\" data-widget_type=\"text-editor.default\">\n\t\t\t\t<div class=\"elementor-widget-container\">\n\t\t\t\t\t\t\t<p><strong>Beachten Sie einfach nur unsere Teilnahmebedingungen und Sie haben eine Chance auf grossartige Gewinne!<\/strong><\/p>\t\t\t\t\t\t<\/div>\n\t\t\t\t<\/div>\n\t\t\t\t\t<\/div>\n\t\t<\/div>\n\t\t\t\t<div class=\"elementor-column elementor-col-50 elementor-top-column elementor-element elementor-element-1123a071\" data-id=\"1123a071\" data-element_type=\"column\">\n\t\t\t<div class=\"elementor-widget-wrap elementor-element-populated\">\n\t\t\t\t\t\t<div class=\"elementor-element elementor-element-3604069a elementor-widget elementor-widget-image\" data-id=\"3604069a\" data-element_type=\"widget\" data-widget_type=\"image.default\">\n\t\t\t\t<div class=\"elementor-widget-container\">\n\t\t\t\t\t\t\t\t\t\t\t\t\t<img decoding=\"async\" src=\"https:\/\/software.dinnova.ch\/wp-content\/uploads\/elementor\/thumbs\/giveaway-image-rag6jfmw6z9as9w8q0t65emb9rtr28r1e6rtf5htds.jpg\" title=\"Dinnova gewinnspiele\" alt=\"Dinnova gewinnspiele\" loading=\"lazy\" \/>\t\t\t\t\t\t\t\t\t\t\t\t\t<\/div>\n\t\t\t\t<\/div>\n\t\t\t\t\t<\/div>\n\t\t<\/div>\n\t\t\t\t\t<\/div>\n\t\t<\/section>\n\t\t\t\t<section class=\"elementor-section elementor-top-section elementor-element elementor-element-142e47a elementor-section-boxed elementor-section-height-default elementor-section-height-default\" data-id=\"142e47a\" data-element_type=\"section\" data-settings=\"{&quot;jet_parallax_layout_list&quot;:[{&quot;_id&quot;:&quot;a78a12e&quot;,&quot;jet_parallax_layout_image&quot;:{&quot;url&quot;:&quot;&quot;,&quot;id&quot;:&quot;&quot;,&quot;size&quot;:&quot;&quot;},&quot;jet_parallax_layout_image_tablet&quot;:{&quot;url&quot;:&quot;&quot;,&quot;id&quot;:&quot;&quot;,&quot;size&quot;:&quot;&quot;},&quot;jet_parallax_layout_image_mobile&quot;:{&quot;url&quot;:&quot;&quot;,&quot;id&quot;:&quot;&quot;,&quot;size&quot;:&quot;&quot;},&quot;jet_parallax_layout_speed&quot;:{&quot;unit&quot;:&quot;%&quot;,&quot;size&quot;:50,&quot;sizes&quot;:[]},&quot;jet_parallax_layout_type&quot;:&quot;scroll&quot;,&quot;jet_parallax_layout_direction&quot;:null,&quot;jet_parallax_layout_fx_direction&quot;:null,&quot;jet_parallax_layout_z_index&quot;:&quot;&quot;,&quot;jet_parallax_layout_bg_x&quot;:50,&quot;jet_parallax_layout_bg_x_tablet&quot;:&quot;&quot;,&quot;jet_parallax_layout_bg_x_mobile&quot;:&quot;&quot;,&quot;jet_parallax_layout_bg_y&quot;:50,&quot;jet_parallax_layout_bg_y_tablet&quot;:&quot;&quot;,&quot;jet_parallax_layout_bg_y_mobile&quot;:&quot;&quot;,&quot;jet_parallax_layout_bg_size&quot;:&quot;auto&quot;,&quot;jet_parallax_layout_bg_size_tablet&quot;:&quot;&quot;,&quot;jet_parallax_layout_bg_size_mobile&quot;:&quot;&quot;,&quot;jet_parallax_layout_animation_prop&quot;:&quot;transform&quot;,&quot;jet_parallax_layout_on&quot;:[&quot;desktop&quot;,&quot;tablet&quot;]}]}\">\n\t\t\t\t\t\t<div class=\"elementor-container elementor-column-gap-default\">\n\t\t\t\t\t<div class=\"elementor-column elementor-col-100 elementor-top-column elementor-element elementor-element-1aa31e72\" data-id=\"1aa31e72\" data-element_type=\"column\">\n\t\t\t<div class=\"elementor-widget-wrap elementor-element-populated\">\n\t\t\t\t\t\t<div class=\"elementor-element elementor-element-5941931d elementor-widget elementor-widget-spacer\" data-id=\"5941931d\" data-element_type=\"widget\" data-widget_type=\"spacer.default\">\n\t\t\t\t<div class=\"elementor-widget-container\">\n\t\t\t\t\t<div class=\"elementor-spacer\">\n\t\t\t<div class=\"elementor-spacer-inner\"><\/div>\n\t\t<\/div>\n\t\t\t\t<\/div>\n\t\t\t\t<\/div>\n\t\t\t\t<div class=\"elementor-element elementor-element-4e216d70 elementor-widget elementor-widget-heading\" data-id=\"4e216d70\" data-element_type=\"widget\" data-widget_type=\"heading.default\">\n\t\t\t\t<div class=\"elementor-widget-container\">\n\t\t\t<h2 class=\"elementor-heading-title elementor-size-default\">Teilnahmebedingungen  <\/h2>\t\t<\/div>\n\t\t\t\t<\/div>\n\t\t\t\t<div class=\"elementor-element elementor-element-5a40ac3 elementor-widget-divider--view-line elementor-widget elementor-widget-divider\" data-id=\"5a40ac3\" data-element_type=\"widget\" data-widget_type=\"divider.default\">\n\t\t\t\t<div class=\"elementor-widget-container\">\n\t\t\t\t\t<div class=\"elementor-divider\">\n\t\t\t<span class=\"elementor-divider-separator\">\n\t\t\t\t\t\t<\/span>\n\t\t<\/div>\n\t\t\t\t<\/div>\n\t\t\t\t<\/div>\n\t\t\t\t<div class=\"elementor-element elementor-element-60d8472e elementor-widget elementor-widget-text-editor\" data-id=\"60d8472e\" data-element_type=\"widget\" data-widget_type=\"text-editor.default\">\n\t\t\t\t<div class=\"elementor-widget-container\">\n\t\t\t\t\t\t\t<ol>\n \t<li><u> <\/u>Die Gewinnspiele stehen in keiner Verbindung zu Instagram, Facebook oder LinkedIn und werden in keiner Weise von diesen gesponsert, unterst\u00fctzt oder organisiert. Der Empf\u00e4nger der vom Teilnehmer bereitgestellten Informationen ist nur die \u00a0<strong>Dinnova\u00a0AG, Bahnhofstrasse 100, 8001 Z\u00fcrich,<\/strong>als Betreiber des\u00a0Dinnova\u00a0AG\u00a0Instagram, Facebook\u00a0&amp; LinkedIn Accounts. Die bereitgestellten Informationen werden einzig f\u00fcr das Gewinnspiel verwendet.\nEine Teilnahme an Gewinnspielen ist ausschliesslich zu den hier aufgef\u00fchrten Bedingungen m\u00f6glich. Mit der Teilnahme erkennt der Teilnehmer diese Teilnahmebedingungen ausdr\u00fccklich an. Der Veranstalter beh\u00e4lt sich vor, das Gewinnspiel zu jedem Zeitpunkt ohne Vorank\u00fcndigung und ohne Angabe von Gr\u00fcnden abzubrechen oder zu beenden.<br><br><\/li>\n \t<li><u> <\/u>Die Gewinnspiele finden monatlich am ersten Sonntag des Monats statt und laufen 3 Wochen lang. Die Auslosung und Bekanntgabe des Gewinners findet am letzten Sonntag\u00a0des gleichen Monats statt. Wir behalten uns vor von diesem System gelegentlich abzuweichen.<br><br><\/li>\n \t<li><u> <\/u>Der Gewinn variiert von Gewinnspiel zu Gewinnspiel.<br><br><\/li>\n \t<li><u> <\/u>Teilnehmen k\u00f6nnen Personen ab 18 Jahren mit Wohnsitz in \u00d6sterreich, Deutschland oder der Schweiz.<br><br><\/li>\n \t<li><u><\/u> Die Anmeldung zum Gewinnspiel erfolgt \u00fcber folgende Kombination: Follower unserer Accounts auf sozialen Medien sein, liken des Gewinnspiel-Posts und das Kommentieren des Wunschgewinns (falls es mehrere Preise gibt), inklusive Markierung von mindestens 2 Personen.<br><br><\/li>\n \t<li><u> <\/u>Kommentare, die gegen die Facebook\/LinkedIn\/Instagram-Richtlinien, nationales Recht, unsere Netiquette und\/oder das Copyright verstossen, werden nach Kenntnisnahme ohne Ank\u00fcndigung entfernt. Der Teilnehmer ist damit von der Verlosung ausgeschlossen.<br><br><\/li>\n \t<li><u> <\/u>Die Verlosung des Gewinns erfolgt nach Ablauf des Durchf\u00fchrungszeitraumes unter Ausschluss der \u00d6ffentlichkeit.<br><br><\/li>\n \t<li><u> <\/u>Die Gewinner werden \u00fcber eine Privatnachricht auf der Plattform kontaktiert, wo sie am Gewinnspiel teilnahmen. Gewinner m\u00fcssen innerhalb von 5 Werktagen (ab Gewinnbenachrichtigung) ihre Kontakt- und Adressdaten per Privatnachricht auf sozialen Medien oder per E-Mail an\u00a0<a href=\"mailto:socialmediabullakaj@gmail.com\">socialmediabullakaj@gmail.com<\/a> melden. Sollten Gewinner die Annahme des Gewinnes in dieser Zeit nicht best\u00e4tigen, verf\u00e4llt ihr Anspruch auf den Gewinn ersatzlos. Es wird dann nach gleichem Vorgehen ein Ersatzgewinner ermittelt. Eine Verpflichtung zur Annahme des Gewinnes besteht nicht.<br><br><\/li>\n \t<li><u> <\/u>Die Profil-Namen der Gewinner werden auf unseren Profilen und unter dem jeweiligen Gewinnspiel-Post \u00f6ffentlich bekannt gegeben.<br><br><\/li>\n \t<li><u> <\/u>Soweit im Rahmen des Gewinnspiels personenbezogene Daten von Teilnehmern erfasst werden, werden diese vom Veranstalter ausschliesslich zum Zwecke der Durchf\u00fchrung des Gewinnspiels erhoben, verarbeitet und genutzt sowie nach Beendigung des Gewinnspiels gel\u00f6scht. Der Teilnehmer erkl\u00e4rt sich damit ausdr\u00fccklich einverstanden. Der Teilnehmer kann diese Zustimmung jederzeit durch Brief oder E-Mail widerrufen. F\u00fcr die Korrektheit und Vollst\u00e4ndigkeit seiner abgeschickten Daten ist der Teilnehmer selbst verantwortlich. Die personenbezogenen Daten der Teilnehmer werden vom Veranstalter unter Beachtung der datenschutzrechtlichen Bestimmungen genutzt und erhoben. Die Einwilligung kann jederzeit durch L\u00f6schung des entsprechenden Beitrags widerrufen werden. In diesem Fall erkl\u00e4rt der Teilnehmer zugleich, an dem Gewinnspiel nicht mehr teilzunehmen.<br><br><\/li>\n<\/ol>\n<ol start=\"11\">\n \t<li><u> <\/u>Der Rechtsweg ist ausgeschlossen.\u00a0Keine Barauszahlung. Keine Haftung f\u00fcr Sch\u00e4den.<\/li>\n<\/ol>\t\t\t\t\t\t<\/div>\n\t\t\t\t<\/div>\n\t\t\t\t<div class=\"elementor-element elementor-element-70a9dce3 elementor-widget elementor-widget-spacer\" data-id=\"70a9dce3\" data-element_type=\"widget\" data-widget_type=\"spacer.default\">\n\t\t\t\t<div class=\"elementor-widget-container\">\n\t\t\t\t\t<div class=\"elementor-spacer\">\n\t\t\t<div class=\"elementor-spacer-inner\"><\/div>\n\t\t<\/div>\n\t\t\t\t<\/div>\n\t\t\t\t<\/div>\n\t\t\t\t\t<\/div>\n\t\t<\/div>\n\t\t\t\t\t<\/div>\n\t\t<\/section>\n\t\t\t\t<\/div>","protected":false},"excerpt":{"rendered":"<p>Dinnova Gewinnspiele Freuen Sie sich auf regelm\u00e4ssige Gewinnspiele auf unseren Profilen in den sozialen Medien! An jedem ersten Sonntag des Monats verlosen wir hochwertige und beliebte Gewinne \u2013 folgen Sie uns jetzt mit nur einem Klick: Facebook Instagram LinkedIn Beachten Sie einfach nur unsere Teilnahmebedingungen und Sie haben eine Chance auf grossartige Gewinne! Teilnahmebedingungen Die [&hellip;]<\/p>","protected":false},"author":13,"featured_media":0,"parent":0,"menu_order":12,"comment_status":"closed","ping_status":"closed","template":"","meta":{"inline_featured_image":false,"footnotes":""},"class_list":["post-4654","page","type-page","status-publish","hentry"],"_links":{"self":[{"href":"https:\/\/software.dinnova.ch\/en\/wp-json\/wp\/v2\/pages\/4654"}],"collection":[{"href":"https:\/\/software.dinnova.ch\/en\/wp-json\/wp\/v2\/pages"}],"about":[{"href":"https:\/\/software.dinnova.ch\/en\/wp-json\/wp\/v2\/types\/page"}],"author":[{"embeddable":true,"href":"https:\/\/software.dinnova.ch\/en\/wp-json\/wp\/v2\/users\/13"}],"replies":[{"embeddable":true,"href":"https:\/\/software.dinnova.ch\/en\/wp-json\/wp\/v2\/comments?post=4654"}],"version-history":[{"count":1,"href":"https:\/\/software.dinnova.ch\/en\/wp-json\/wp\/v2\/pages\/4654\/revisions"}],"predecessor-version":[{"id":7321,"href":"https:\/\/software.dinnova.ch\/en\/wp-json\/wp\/v2\/pages\/4654\/revisions\/7321"}],"wp:attachment":[{"href":"https:\/\/software.dinnova.ch\/en\/wp-json\/wp\/v2\/media?parent=4654"}],"curies":[{"name":"wp","href":"https:\/\/api.w.org\/{rel}","templated":true}]}}